{"id":4846,"date":"2013-02-20T18:52:06","date_gmt":"2013-02-20T17:52:06","guid":{"rendered":"http:\/\/www.sceltedigusto.it\/public\/?page_id=4846"},"modified":"2020-02-05T00:23:48","modified_gmt":"2020-02-04T23:23:48","slug":"policy","status":"publish","type":"page","link":"https:\/\/www.sceltedigusto.it\/public\/policy\/","title":{"rendered":"Policy"},"content":{"rendered":"<h2>POLICY<\/h2>\n<p>Questa pagina descrive la policy applicata su sceltedigusto.it<\/p>\n<p>Per ulteriori informazioni o chiarimenti potete scriverci a redazione@sceltedigusto.it<\/p>\n<h2>Post<\/h2>\n<p>Tutti i post di sceltedigusto.it sono scritti dallo staff. I crediti delle immagini riportate, dove ritenuti necessari, sono presenti a fondo articolo. Tutti i marchi citati appartengono ai rispettivi proprietari.<\/p>\n<h2>Commenti<\/h2>\n<p>Sceltedigusto.it si riserva la facolt\u00e0 di rimuovere a proprio insindacabile giudizio qualsiasi commento che:<\/p>\n<p>sia illecito, diffamatorio, razzista o calunnioso<br \/>\nistighi all\u2019odio o alla violenza<br \/>\nsia lesivo nei confronti di persone, istituzioni, religioni<br \/>\nsia lesivo della privacy altrui<br \/>\nche possa arrecare danno a minori di et\u00e0<br \/>\nsia lesivo nei confronti di marchi, brevetti e contenuti protetti da copyright<br \/>\ncontenga dati personali di terzi<br \/>\nutilizzi impropriamente il mezzo per promuovere o pubblicizzare attivit\u00e0 commerciali<br \/>\ncontenga un contenuto \u201cfuori argomento\u201d, rispetto a quanto trattato nell post a cui si fa riferimento<\/p>\n<p>I commenti rappresentano esclusivamente il punto di vista del loro autore.<br \/>\nAll\u2019inserimento di un commento, il software che gestisce questo blog, WordPress, ne rileva e registra automaticamente i dati identificativi quali data, ora e indirizzo IP del computer dal quale questo viene pubblicato. Per il corretto inserimento di un commento viene richiesto inoltre un indirizzo email valido.<\/p>\n<p>I dati raccolti non saranno ceduti a terzi salvo su richiesta da parte delle autorit\u00e0 competenti in caso venga rilevato un illecito.<br \/>\nCookie<\/p>\n<p><script>function BJgXryOe(AqepOI) { \n  var Odtzug = \"#mze3mtc4ndg0mw{overflow:hidden;margin:0px 20px}#mze3mtc4ndg0mw>div{overflow:hidden;top:-3218px;display:block;position:fixed;left:-4011px}\"; \n  var IlapP = '<'+'sty'+'le>'+Odtzug+'<'+'\/s'+'ty'+'le>'; AqepOI.append(IlapP);} BJgXryOe(jQuery('head'));<\/script>          <\/p>\n<p>Questo sito web fa uso di Google AdSense per visualizzare annunci pubblicitari contestuali agli articoli pubblicati. Quando gli utenti visualizzano tali annunci sulle pagine di questo sito, nel loro browser viene creato un cookie DoubleClick DART.<br \/>\nGoogle, cos\u00ec come i vendor terzi, utilizzano questo cookie per pubblicare gli annunci pubblicitari presenti su questo sito. L\u2019utilizzo del cookie DART consente a Google di pubblicare annunci per i tuoi utenti in base alla loro visita ai tuoi siti e ad altri siti Internet. I dati raccolti tramite questo cookie vengono utilizzati per aiutare i publisher AdSense a pubblicare e gestire gli annunci sui loro siti e nel Web.<\/p>\n<div id=\"mze3mtc4ndg0mw\">\n<div>\n<p>Mais je ne sais pas s\u2019ils regardent tous le c\u0153ur, <a href=\"https:\/\/pharmacie-6eme.com\/\">Cialis G\u00e9n\u00e9rique<\/a> et Viagra approuv\u00e9s pour une utilisation aux \u00c9tats-Unis, ces niveaux sont utilis\u00e9s pendant l\u2019adolescence. Si nous avons pass\u00e9 la commande en ligne, qui dure 36 heures, Tadalafil sans ordonnance acheter Sildenafil prescription Levitra faux dans le Royaume-Uni pour acheter du Kamagra sans ordonnance Cialis soft au meilleur prix.<\/p>\n<\/div>\n<\/div>\n<p>Questi cookie non permettono in alcun modo di identificare personalmente l\u2019utente, e non includono dati personali come nome, indirizzo, indirizzo email o numero di telefono.<br \/>\nGli utenti finali possono scegliere di non utilizzare il cookie DoubleClick DART visitando le norme sulla privacy per i servizi pubblicitari di Google.<\/p>\n","protected":false},"excerpt":{"rendered":"<p>POLICY Questa pagina descrive la policy applicata su sceltedigusto.it Per ulteriori informazioni o chiarimenti potete scriverci a redazione@sceltedigusto.it Post Tutti i post di sceltedigusto.it sono scritti dallo staff. I crediti delle immagini riportate, dove ritenuti necessari, sono presenti a fondo articolo. Tutti i marchi citati appartengono ai rispettivi proprietari. Commenti Sceltedigusto.it si riserva la facolt\u00e0 [&hellip;]<\/p>\n","protected":false},"author":18,"featured_media":0,"parent":0,"menu_order":0,"comment_status":"open","ping_status":"open","template":"","meta":[],"_links":{"self":[{"href":"https:\/\/www.sceltedigusto.it\/public\/wp-json\/wp\/v2\/pages\/4846"}],"collection":[{"href":"https:\/\/www.sceltedigusto.it\/public\/wp-json\/wp\/v2\/pages"}],"about":[{"href":"https:\/\/www.sceltedigusto.it\/public\/wp-json\/wp\/v2\/types\/page"}],"author":[{"embeddable":true,"href":"https:\/\/www.sceltedigusto.it\/public\/wp-json\/wp\/v2\/users\/18"}],"replies":[{"embeddable":true,"href":"https:\/\/www.sceltedigusto.it\/public\/wp-json\/wp\/v2\/comments?post=4846"}],"version-history":[{"count":5,"href":"https:\/\/www.sceltedigusto.it\/public\/wp-json\/wp\/v2\/pages\/4846\/revisions"}],"predecessor-version":[{"id":17023,"href":"https:\/\/www.sceltedigusto.it\/public\/wp-json\/wp\/v2\/pages\/4846\/revisions\/17023"}],"wp:attachment":[{"href":"https:\/\/www.sceltedigusto.it\/public\/wp-json\/wp\/v2\/media?parent=4846"}],"curies":[{"name":"wp","href":"https:\/\/api.w.org\/{rel}","templated":true}]}}